{"id":628,"date":"2023-03-14T20:14:22","date_gmt":"2023-03-14T20:14:22","guid":{"rendered":"https:\/\/prc.maderausd.org\/?page_id=628"},"modified":"2026-01-30T18:21:05","modified_gmt":"2026-01-30T18:21:05","slug":"about-us","status":"publish","type":"page","link":"https:\/\/prc.maderausd.org\/es\/about-us\/","title":{"rendered":"<p>Qui\u00e9nes Somos<\/p>"},"content":{"rendered":"<div data-elementor-type=\"wp-page\" data-elementor-id=\"628\" class=\"elementor elementor-628\" data-elementor-post-type=\"page\">\n\t\t\t\t<div class=\"elementor-element elementor-element-c9683a6 e-flex e-con-boxed e-con e-parent\" data-id=\"c9683a6\" data-element_type=\"container\" data-settings='{\"background_background\":\"slideshow\",\"background_slideshow_gallery\":[{\"id\":2416,\"url\":\"https:\\\/\\\/prc.maderausd.org\\\/wp-content\\\/uploads\\\/banner1.webp\"}],\"background_slideshow_loop\":\"yes\",\"background_slideshow_slide_duration\":5000,\"background_slideshow_slide_transition\":\"fade\",\"background_slideshow_transition_duration\":500}'>\n\t\t\t\t\t<div class=\"e-con-inner\">\n\t\t\t\t<div class=\"elementor-element elementor-element-1eddcfe elementor-widget elementor-widget-heading\" data-id=\"1eddcfe\" data-element_type=\"widget\" data-widget_type=\"heading.default\">\n\t\t\t\t<div class=\"elementor-widget-container\">\n\t\t\t\t\t<h2 class=\"elementor-heading-title elementor-size-default\">Qui\u00e9nes Somos<\/h2>\t\t\t\t<\/div>\n\t\t\t\t<\/div>\n\t\t\t\t\t<\/div>\n\t\t\t\t<\/div>\n\t\t<div class=\"elementor-element elementor-element-f1b7dd8 e-flex e-con-boxed e-con e-parent\" data-id=\"f1b7dd8\" data-element_type=\"container\">\n\t\t\t\t\t<div class=\"e-con-inner\">\n\t\t<div class=\"elementor-element elementor-element-2bc5f5a e-con-full e-flex e-con e-child\" data-id=\"2bc5f5a\" data-element_type=\"container\">\n\t\t\t\t<div class=\"elementor-element elementor-element-e83ee43 elementor-widget elementor-widget-text-editor\" data-id=\"e83ee43\" data-element_type=\"widget\" data-widget_type=\"text-editor.default\">\n\t\t\t\t<div class=\"elementor-widget-container\">\n\t\t\t\t\t\t\t\t\t<p>El Distrito Escolar Unificado de Madera cree en los padres como verdaderos socios en la educaci\u00f3n de nuestros estudiantes. Creemos que, en colaboraci\u00f3n con los padres, las familias, los campeones estudiantiles y las partes interesadas de la comunidad, nuestro distrito puede ofrecer un viaje educativo sin precedentes que es intelectual, social y personalmente transformador para nuestros estudiantes.<\/p>\t\t\t\t\t\t\t\t<\/div>\n\t\t\t\t<\/div>\n\t\t<div class=\"elementor-element elementor-element-2da89a4 e-con-full e-grid e-con e-child\" data-id=\"2da89a4\" data-element_type=\"container\">\n\t\t\t\t<div class=\"elementor-element elementor-element-a65e6b9 elementor-widget__width-initial elementor-widget elementor-widget-widgetkit-for-elementor-team\" data-id=\"a65e6b9\" data-element_type=\"widget\" data-widget_type=\"widgetkit-for-elementor-team.default\">\n\t\t\t\t<div class=\"elementor-widget-container\">\n\t\t\t\t\t\n<div class=\"wk-team\">\n            <div class=\"wk-card wk-card-default wk-style-1\">\n            <div class=\"wk-card-media-top wk-overflow-hidden\">\n                                    <a class=\"wk-display-block wk-text-center\" href=\"https:\/\/prc.maderausd.org\/wp-content\/uploads\/2024-2025-Annual-Report-PRC.pdf\" target=\"_blank\">\n                        <img decoding=\"async\" src=\"https:\/\/prc.maderausd.org\/wp-content\/uploads\/prc24-25.png\" alt=\"\">\n                    <\/a>\n                            <\/div> <!-- wk-card-image -->\n\n            <div class=\"wk-card-body\">\n                <div class=\"wk-grid-small wk-flex-top\" wk-grid>\n                                            <div class=\"wk-width-expand\">\n                            <h3 class=\"wk-card-title wk-margin-remove\"><a>Annual Report 2024-2025<\/a><\/h3>                        <\/div> <!-- wk-width-expand-->\n                    \n                                            <div class=\"wk-width-auto social-icons\">\n                                                            \n                                                    <\/div> <!-- wk-width-auto-->\n                                    <\/div>\n\n                                            <\/div> <!-- wk-card-body -->\n        <\/div> <!-- wk-card-->\n\n\n    <\/div><!-- wk-grid-->\n\n\n<script type=\"text\/javascript\">\n        jQuery(function($) {\n        if (!$('body').hasClass('wk-team')) {\n            $('body').addClass('wk-team');\n        }\n    });\n<\/script>\t\t<!-- <h3>hello world<\/h3> -->\n\t\t\t\t\t\t<\/div>\n\t\t\t\t<\/div>\n\t\t\t\t<div class=\"elementor-element elementor-element-3cb3f4e elementor-widget__width-initial elementor-widget elementor-widget-widgetkit-for-elementor-team\" data-id=\"3cb3f4e\" data-element_type=\"widget\" data-widget_type=\"widgetkit-for-elementor-team.default\">\n\t\t\t\t<div class=\"elementor-widget-container\">\n\t\t\t\t\t\n<div class=\"wk-team\">\n            <div class=\"wk-card wk-card-default wk-style-1\">\n            <div class=\"wk-card-media-top wk-overflow-hidden\">\n                                    <a class=\"wk-display-block wk-text-center\" href=\"https:\/\/prc.maderausd.org\/wp-content\/uploads\/2023-2024-Annual-Report-1.pdf\" target=\"_blank\">\n                        <img decoding=\"async\" src=\"https:\/\/prc.maderausd.org\/wp-content\/uploads\/2023-2024-Annual-Report-1_00001-scaled.jpg\" alt=\"\">\n                    <\/a>\n                            <\/div> <!-- wk-card-image -->\n\n            <div class=\"wk-card-body\">\n                <div class=\"wk-grid-small wk-flex-top\" wk-grid>\n                                            <div class=\"wk-width-expand\">\n                            <h2 class=\"wk-card-title wk-margin-remove\"><a>Annual Report 2023-2024<\/a><\/h2>                        <\/div> <!-- wk-width-expand-->\n                    \n                                            <div class=\"wk-width-auto social-icons\">\n                                                            \n                                                    <\/div> <!-- wk-width-auto-->\n                                    <\/div>\n\n                                            <\/div> <!-- wk-card-body -->\n        <\/div> <!-- wk-card-->\n\n\n    <\/div><!-- wk-grid-->\n\n\n<script type=\"text\/javascript\">\n        jQuery(function($) {\n        if (!$('body').hasClass('wk-team')) {\n            $('body').addClass('wk-team');\n        }\n    });\n<\/script>\t\t<!-- <h3>hello world<\/h3> -->\n\t\t\t\t\t\t<\/div>\n\t\t\t\t<\/div>\n\t\t\t\t<\/div>\n\t\t<div class=\"elementor-element elementor-element-0948b22 e-con-full e-grid e-con e-child\" data-id=\"0948b22\" data-element_type=\"container\">\n\t\t\t\t<div class=\"elementor-element elementor-element-5cf4e79 elementor-widget__width-initial elementor-widget elementor-widget-widgetkit-for-elementor-team\" data-id=\"5cf4e79\" data-element_type=\"widget\" data-widget_type=\"widgetkit-for-elementor-team.default\">\n\t\t\t\t<div class=\"elementor-widget-container\">\n\t\t\t\t\t\n<div class=\"wk-team\">\n            <div class=\"wk-card wk-card-default wk-style-1\">\n            <div class=\"wk-card-media-top wk-overflow-hidden\">\n                                    <a class=\"wk-display-block wk-text-center\" href=\"https:\/\/prc.maderausd.org\/wp-content\/uploads\/2022-2023-Annual-Report.pdf\" target=\"_blank\">\n                        <img decoding=\"async\" src=\"https:\/\/prc.maderausd.org\/wp-content\/uploads\/2022-2023-Annual-Report_page-0001-scaled.jpg\" alt=\"\">\n                    <\/a>\n                            <\/div> <!-- wk-card-image -->\n\n            <div class=\"wk-card-body\">\n                <div class=\"wk-grid-small wk-flex-top\" wk-grid>\n                                            <div class=\"wk-width-expand\">\n                            <h3 class=\"wk-card-title wk-margin-remove\"><a>Annual Report 2022-2023<\/a><\/h3>                        <\/div> <!-- wk-width-expand-->\n                    \n                                            <div class=\"wk-width-auto social-icons\">\n                                                            \n                                                    <\/div> <!-- wk-width-auto-->\n                                    <\/div>\n\n                                            <\/div> <!-- wk-card-body -->\n        <\/div> <!-- wk-card-->\n\n\n    <\/div><!-- wk-grid-->\n\n\n<script type=\"text\/javascript\">\n        jQuery(function($) {\n        if (!$('body').hasClass('wk-team')) {\n            $('body').addClass('wk-team');\n        }\n    });\n<\/script>\t\t<!-- <h3>hello world<\/h3> -->\n\t\t\t\t\t\t<\/div>\n\t\t\t\t<\/div>\n\t\t\t\t<\/div>\n\t\t\t\t<\/div>\n\t\t<div class=\"elementor-element elementor-element-ec0b106 e-con-full e-flex e-con e-child\" data-id=\"ec0b106\" data-element_type=\"container\">\n\t\t\t\t<div class=\"elementor-element elementor-element-0ba1646 elementor-widget elementor-widget-image\" data-id=\"0ba1646\" data-element_type=\"widget\" data-widget_type=\"image.default\">\n\t\t\t\t<div class=\"elementor-widget-container\">\n\t\t\t\t\t\t\t\t\t\t\t\t\t\t\t<img fetchpriority=\"high\" decoding=\"async\" width=\"1024\" height=\"768\" src=\"https:\/\/prc.maderausd.org\/wp-content\/uploads\/20240124_184224-1024x768.jpg\" class=\"attachment-large size-large wp-image-2930\" alt=\"\">\t\t\t\t\t\t\t\t\t\t\t\t\t\t\t<\/div>\n\t\t\t\t<\/div>\n\t\t\t\t<\/div>\n\t\t\t\t\t<\/div>\n\t\t\t\t<\/div>\n\t\t<div class=\"elementor-element elementor-element-95e5a9e e-flex e-con-boxed e-con e-parent\" data-id=\"95e5a9e\" data-element_type=\"container\" data-settings='{\"background_background\":\"gradient\"}'>\n\t\t\t\t\t<div class=\"e-con-inner\">\n\t\t<div class=\"elementor-element elementor-element-3683b2b e-con-full e-flex e-con e-child\" data-id=\"3683b2b\" data-element_type=\"container\" data-settings='{\"background_background\":\"classic\"}'>\n\t\t\t\t<div class=\"elementor-element elementor-element-f371f88 elementor-widget elementor-widget-heading\" data-id=\"f371f88\" data-element_type=\"widget\" data-widget_type=\"heading.default\">\n\t\t\t\t<div class=\"elementor-widget-container\">\n\t\t\t\t\t<h5 class=\"elementor-heading-title elementor-size-default\">10 Centros de recursos para padres en todo el distrito<\/h5>\t\t\t\t<\/div>\n\t\t\t\t<\/div>\n\t\t\t\t<div class=\"elementor-element elementor-element-780a855 elementor-widget elementor-widget-text-editor\" data-id=\"780a855\" data-element_type=\"widget\" data-widget_type=\"text-editor.default\">\n\t\t\t\t<div class=\"elementor-widget-container\">\n\t\t\t\t\t\t\t\t\t<p>Ofrecen oportunidades para que los padres desarrollen habilidades de liderazgo y desarrollen capacidad personal para apoyar el aprendizaje de los estudiantes en el hogar. Los centros atienden las diversas necesidades de las familias a trav\u00e9s de sus diversos programas.<\/p>\t\t\t\t\t\t\t\t<\/div>\n\t\t\t\t<\/div>\n\t\t\t\t<div class=\"elementor-element elementor-element-7b95246 elementor-widget elementor-widget-heading\" data-id=\"7b95246\" data-element_type=\"widget\" data-widget_type=\"heading.default\">\n\t\t\t\t<div class=\"elementor-widget-container\">\n\t\t\t\t\t<h5 class=\"elementor-heading-title elementor-size-default\">Las clases de programaci\u00f3n de educaci\u00f3n para padres y desarrollo de habilidades<\/h5>\t\t\t\t<\/div>\n\t\t\t\t<\/div>\n\t\t\t\t<div class=\"elementor-element elementor-element-96b5236 elementor-widget elementor-widget-text-editor\" data-id=\"96b5236\" data-element_type=\"widget\" data-widget_type=\"text-editor.default\">\n\t\t\t\t<div class=\"elementor-widget-container\">\n\t\t\t\t\t\t\t\t\t<p>consisten en capacitaci\u00f3n gratuita, personal, de liderazgo y desarrollo de habilidades para los padres. Las clases van desde liderazgo, acad\u00e9micos, paternidad, preparaci\u00f3n universitaria y profesional, salud y bienestar, desarrollo de habilidades y clases para adultos.<\/p>\t\t\t\t\t\t\t\t<\/div>\n\t\t\t\t<\/div>\n\t\t\t\t<div class=\"elementor-element elementor-element-c71f872 elementor-widget elementor-widget-heading\" data-id=\"c71f872\" data-element_type=\"widget\" data-widget_type=\"heading.default\">\n\t\t\t\t<div class=\"elementor-widget-container\">\n\t\t\t\t\t<h5 class=\"elementor-heading-title elementor-size-default\">Centro de llamadas de MUSD<\/h5>\t\t\t\t<\/div>\n\t\t\t\t<\/div>\n\t\t\t\t<div class=\"elementor-element elementor-element-6174f77 elementor-widget elementor-widget-text-editor\" data-id=\"6174f77\" data-element_type=\"widget\" data-widget_type=\"text-editor.default\">\n\t\t\t\t<div class=\"elementor-widget-container\">\n\t\t\t\t\t\t\t\t\t<p>Nuestro centro de llamadas est\u00e1 dise\u00f1ado para facilitar la comunicaci\u00f3n entre las familias y la escuela. Abierto durante horas no convencionales para apoyar mejor las necesidades de nuestros padres.<\/p>\t\t\t\t\t\t\t\t<\/div>\n\t\t\t\t<\/div>\n\t\t\t\t<\/div>\n\t\t<div class=\"elementor-element elementor-element-c4ac99a e-con-full e-flex e-con e-child\" data-id=\"c4ac99a\" data-element_type=\"container\" data-settings='{\"background_background\":\"classic\"}'>\n\t\t\t\t<div class=\"elementor-element elementor-element-ace0e63 elementor-widget elementor-widget-heading\" data-id=\"ace0e63\" data-element_type=\"widget\" data-widget_type=\"heading.default\">\n\t\t\t\t<div class=\"elementor-widget-container\">\n\t\t\t\t\t<h5 class=\"elementor-heading-title elementor-size-default\">Informaci\u00f3n y Referencia<\/h5>\t\t\t\t<\/div>\n\t\t\t\t<\/div>\n\t\t\t\t<div class=\"elementor-element elementor-element-c2a5b15 elementor-widget elementor-widget-text-editor\" data-id=\"c2a5b15\" data-element_type=\"widget\" data-widget_type=\"text-editor.default\">\n\t\t\t\t<div class=\"elementor-widget-container\">\n\t\t\t\t\t\t\t\t\t<p>Incluye referencias a agencias, programas y servicios en la comunidad como; vivienda, alimentos, ropa, salud y seguridad, asesoramiento, programas de recreaci\u00f3n, capacitaci\u00f3n laboral, cuidado de ni\u00f1os, empleo y m\u00e1s.<\/p>\t\t\t\t\t\t\t\t<\/div>\n\t\t\t\t<\/div>\n\t\t\t\t<div class=\"elementor-element elementor-element-984dfbe elementor-widget elementor-widget-heading\" data-id=\"984dfbe\" data-element_type=\"widget\" data-widget_type=\"heading.default\">\n\t\t\t\t<div class=\"elementor-widget-container\">\n\t\t\t\t\t<h5 class=\"elementor-heading-title elementor-size-default\">Noches familiares de alfabetizaci\u00f3n y matem\u00e1ticas<\/h5>\t\t\t\t<\/div>\n\t\t\t\t<\/div>\n\t\t\t\t<div class=\"elementor-element elementor-element-c01a833 elementor-widget elementor-widget-text-editor\" data-id=\"c01a833\" data-element_type=\"widget\" data-widget_type=\"text-editor.default\">\n\t\t\t\t<div class=\"elementor-widget-container\">\n\t\t\t\t\t\t\t\t\t<p>Los eventos interactivos familiares funcionaron como experiencias de desarrollo de conocimientos y habilidades que se enfocan en las estrategias de aprendizaje. Los padres y los ni\u00f1os aprenden juntos a trav\u00e9s de divertidas actividades de alfabetizaci\u00f3n y matem\u00e1ticas.<\/p>\t\t\t\t\t\t\t\t<\/div>\n\t\t\t\t<\/div>\n\t\t\t\t<div class=\"elementor-element elementor-element-e2598b7 elementor-widget elementor-widget-heading\" data-id=\"e2598b7\" data-element_type=\"widget\" data-widget_type=\"heading.default\">\n\t\t\t\t<div class=\"elementor-widget-container\">\n\t\t\t\t\t<h5 class=\"elementor-heading-title elementor-size-default\">Conferencia de participaci\u00f3n de los padres y la comunidad<\/h5>\t\t\t\t<\/div>\n\t\t\t\t<\/div>\n\t\t\t\t<div class=\"elementor-element elementor-element-9105856 elementor-widget elementor-widget-text-editor\" data-id=\"9105856\" data-element_type=\"widget\" data-widget_type=\"text-editor.default\">\n\t\t\t\t<div class=\"elementor-widget-container\">\n\t\t\t\t\t\t\t\t\t<p>Anualmente se lleva a cabo una conferencia de participaci\u00f3n de los padres y la comunidad en todo el distrito para brindarles a los padres una oportunidad \u00fanica de aprendizaje que incluye oradores principales, talleres educativos y rifas de premios.<\/p><p>Damos la bienvenida a todos los padres de MUSD para que aprovechen la cantidad de recursos disponibles y participen en el \u00e9xito acad\u00e9mico de sus estudiantes convirti\u00e9ndose en socios fuertes en la educaci\u00f3n de sus hijos.<\/p>\t\t\t\t\t\t\t\t<\/div>\n\t\t\t\t<\/div>\n\t\t\t\t<\/div>\n\t\t\t\t\t<\/div>\n\t\t\t\t<\/div>\n\t\t\t\t<\/div>","protected":false},"excerpt":{"rendered":"<p>El Distrito Escolar Unificado de Madera cree en los padres como verdaderos socios en la educaci\u00f3n de nuestros estudiantes. Creemos que, en colaboraci\u00f3n con los padres, las familias, los campeones estudiantiles y las partes interesadas de la comunidad, nuestro distrito puede ofrecer un viaje educativo sin precedentes que es intelectual, social y personalmente transformador para nuestros estudiantes.<\/p>","protected":false},"author":4,"featured_media":0,"parent":0,"menu_order":2,"comment_status":"closed","ping_status":"closed","template":"elementor_header_footer","meta":{"_acf_changed":false,"_kad_post_transparent":"","_kad_post_title":"","_kad_post_layout":"","_kad_post_sidebar_id":"","_kad_post_content_style":"","_kad_post_vertical_padding":"","_kad_post_feature":"","_kad_post_feature_position":"","_kad_post_header":false,"_kad_post_footer":false,"footnotes":""},"class_list":["post-628","page","type-page","status-publish","hentry"],"acf":[],"rttpg_featured_image_url":null,"rttpg_author":{"display_name":"Ricardo Camacho","author_link":"https:\/\/prc.maderausd.org\/es\/author\/ricardocamachomaderausd-org\/"},"rttpg_comment":0,"rttpg_category":null,"rttpg_excerpt":"About Us Madera Unified School District Believes in parents as true partners in the education of our students. We believe that in collaboration with parents, families, student champions and invested community stakeholders our district is able to deliver an unparalleled educational journey that is intellectually, socially and personally transformative for our students. Annual Report 2024-2025...","_links":{"self":[{"href":"https:\/\/prc.maderausd.org\/es\/wp-json\/wp\/v2\/pages\/628","targetHints":{"allow":["GET"]}}],"collection":[{"href":"https:\/\/prc.maderausd.org\/es\/wp-json\/wp\/v2\/pages"}],"about":[{"href":"https:\/\/prc.maderausd.org\/es\/wp-json\/wp\/v2\/types\/page"}],"author":[{"embeddable":true,"href":"https:\/\/prc.maderausd.org\/es\/wp-json\/wp\/v2\/users\/4"}],"replies":[{"embeddable":true,"href":"https:\/\/prc.maderausd.org\/es\/wp-json\/wp\/v2\/comments?post=628"}],"version-history":[{"count":3,"href":"https:\/\/prc.maderausd.org\/es\/wp-json\/wp\/v2\/pages\/628\/revisions"}],"predecessor-version":[{"id":3455,"href":"https:\/\/prc.maderausd.org\/es\/wp-json\/wp\/v2\/pages\/628\/revisions\/3455"}],"wp:attachment":[{"href":"https:\/\/prc.maderausd.org\/es\/wp-json\/wp\/v2\/media?parent=628"}],"curies":[{"name":"wp","href":"https:\/\/api.w.org\/{rel}","templated":true}]}}